{"id":13,"date":"2016-04-16T10:27:39","date_gmt":"2016-04-16T08:27:39","guid":{"rendered":"http:\/\/www.avramiancubucuresti.ro\/?page_id=13"},"modified":"2016-04-16T10:32:06","modified_gmt":"2016-04-16T08:32:06","slug":"constituire","status":"publish","type":"page","link":"http:\/\/www.avramiancubucuresti.ro\/?page_id=13","title":{"rendered":"Constituire"},"content":{"rendered":"<p style=\"text-align: justify;\">\n\t<a href=\"http:\/\/www.avramiancubucuresti.ro\/wp-content\/uploads\/2015\/11\/SIGLA-curbe-e1448652234232.png\"><img loading=\"lazy\" decoding=\"async\" alt=\"SIGLA - curbe\" class=\"size-medium wp-image-4 alignleft\" height=\"300\" src=\"http:\/\/www.avramiancubucuresti.ro\/wp-content\/uploads\/2015\/11\/SIGLA-curbe-298x300.png\" width=\"298\" \/><\/a>Filiala Bucure\u0219ti s-a constituit la data de 29 iunie 2011, la ini\u021biativa prof.univ.dr. Ioan Condor \u0219i cu participarea direct\u0103 a pre\u0219edintelui Consiliului Na\u021bional al Societ\u0103\u021bii Cultural-Patriotice &bdquo;Avram Iancu&rdquo; din Rom&acirc;nia, prof. Victor Bercea \u0219i a pre\u0219edintelui de onoare al societ\u0103\u021bii, Ionel B&acirc;tea.\n<\/p>\n<p style=\"text-align: justify;\">\n\tCu ocazia constituirii a fost ales Consiliul &ndash; director din a c\u0103rui compunere fac parte: Biroul executiv cu: pre\u0219edintele prof.univ.dr. Ioan Condor, un prim-vicepre\u0219edinte, zece vicepre\u0219edin\u021bi, un pre\u0219edinte de onoare, un secretar general \u0219i un trezorier. De asemenea, s-a constituit un: Birou permanent, din pre\u0219edintele Biroului executiv, prim-vicepre\u0219edintele, doi vicepre\u0219edin\u021bi, secretarul general \u0219i trezorierul \u0219i Comisia de cenzori, compus\u0103 din 3 membri. Alegerile s-au f\u0103cut pe o perioad\u0103 de 4 ani, de la data ob\u021binerii personalit\u0103\u021bii juridice.\n<\/p>\n<p style=\"text-align: justify;\">\n\t<u>Judec\u0103toria<\/u> Sectorului 6 al mun. Bucure\u0219ti, prin hot\u0103r&acirc;re definitiv\u0103 \u0219i irevocabil\u0103 (9 ianuarie 2012), a acordat <u>personalitate juridic\u0103<\/u> \u0219i a dispus &icirc;nscrierea noii Asocia\u021bii &icirc;n Registrul Asocia\u021biilor \u0219i Funda\u021biilor, conform O.G. nr 26\/2000, cu modific\u0103rile \u0219i complet\u0103rile ulterioare, emi\u021b&acirc;nd <u>Certificatul nr. 1 din 9 ianuarie 2012<\/u>.\n<\/p>\n<p style=\"text-align: justify;\">\n\t&Icirc;ntreaga activitate a Filialei de la constituire p&acirc;n\u0103 &icirc;n prezent a fost condus\u0103 de pre\u0219edintele Condor Ioan.<\/p>\n","protected":false},"excerpt":{"rendered":"<p>Filiala Bucure\u0219ti s-a constituit la data de 29 iunie 2011, la ini\u021biativa prof.univ.dr. Ioan Condor \u0219i cu participarea direct\u0103 a pre\u0219edintelui Consiliului Na\u021bional al Societ\u0103\u021bii Cultural-Patriotice &bdquo;Avram Iancu&rdquo; din Rom&acirc;nia, prof. Victor Bercea \u0219i a pre\u0219edintelui de onoare al societ\u0103\u021bii, Ionel B&acirc;tea. Cu ocazia constituirii a fost ales Consiliul &ndash; &hellip;<\/p>\n","protected":false},"author":1,"featured_media":0,"parent":0,"menu_order":0,"comment_status":"closed","ping_status":"closed","template":"","meta":{"footnotes":""},"_links":{"self":[{"href":"http:\/\/www.avramiancubucuresti.ro\/index.php?rest_route=\/wp\/v2\/pages\/13"}],"collection":[{"href":"http:\/\/www.avramiancubucuresti.ro\/index.php?rest_route=\/wp\/v2\/pages"}],"about":[{"href":"http:\/\/www.avramiancubucuresti.ro\/index.php?rest_route=\/wp\/v2\/types\/page"}],"author":[{"embeddable":true,"href":"http:\/\/www.avramiancubucuresti.ro\/index.php?rest_route=\/wp\/v2\/users\/1"}],"replies":[{"embeddable":true,"href":"http:\/\/www.avramiancubucuresti.ro\/index.php?rest_route=%2Fwp%2Fv2%2Fcomments&post=13"}],"version-history":[{"count":2,"href":"http:\/\/www.avramiancubucuresti.ro\/index.php?rest_route=\/wp\/v2\/pages\/13\/revisions"}],"predecessor-version":[{"id":15,"href":"http:\/\/www.avramiancubucuresti.ro\/index.php?rest_route=\/wp\/v2\/pages\/13\/revisions\/15"}],"wp:attachment":[{"href":"http:\/\/www.avramiancubucuresti.ro\/index.php?rest_route=%2Fwp%2Fv2%2Fmedia&parent=13"}],"curies":[{"name":"wp","href":"https:\/\/api.w.org\/{rel}","templated":true}]}}